{"id":2124,"date":"2021-09-09T09:49:29","date_gmt":"2021-09-09T09:49:29","guid":{"rendered":"http:\/\/ismc.it\/?page_id=2124"},"modified":"2021-10-07T20:00:34","modified_gmt":"2021-10-07T20:00:34","slug":"labaro-ismc","status":"publish","type":"page","link":"https:\/\/ismc.it\/?page_id=2124","title":{"rendered":"Labaro &#8211; ISMC"},"content":{"rendered":"<h1>Assistenza<\/h1>\n<h1>Labaro &#8211; ISMC<\/h1>\n<h1>Casa di accoglienza madre e bambino<\/h1>\n<ul>\n<li>\n<p>        <img decoding=\"async\" src=\"\/wp-content\/uploads\/2021\/10\/Labaro2.jpeg\" alt=\"\"><\/p>\n<\/li>\n<li>\n<p>        <img decoding=\"async\" src=\"\/wp-content\/uploads\/2021\/10\/Labaro3.jpeg\" alt=\"\"><\/p>\n<\/li>\n<li>\n<p>        <img decoding=\"async\" src=\"\/wp-content\/uploads\/2021\/10\/Labaro1.jpeg\" alt=\"\"><\/p>\n<\/li>\n<\/ul>\n<h2>Chi siamo<\/h2>\n<div>\n<p>La Casa Famiglia Maria Consolatrice \u2013 Centro di accoglienza per donne in difficolt\u00e0 anche con bambino, \u00e8 nata nel 1995 come risposta all\u2019invito della Chiesa di Roma rivolto all\u2019USMI (Unione Superiori Maggiori d\u2019Italia) a trovare forme concrete di carit\u00e0 nei confronti delle povert\u00e0 emergenti. La Congregazione, che ha come carisma specifico quello di rispondere ai prossimi con le opere di misericordia, ha dato la sua risposta mettendo questa struttura a disposizione.<\/p>\n<p>La casa accoglie temporaneamente quanti cercano un rifugio di pace e amore, un posto sicuro, mentre si cerca una migliore e pi\u00f9 duratura sistemazione.<\/p>\n<\/div>\n<div>\n<div class=\"vc_row wpb_row vc_row-fluid\">\n<div class=\"wpb_column vc_column_container vc_col-sm-12 sc_layouts_column_icons_position_left\">\n<div class=\"vc_column-inner\">\n<div class=\"wpb_wrapper\">\n<div class=\"wpb_text_column wpb_content_element \">\n<div class=\"wpb_wrapper\">\n<div align=\"justify\">\n<div align=\"justify\">\n<p>Le persone accolte sono molto provate, la loro personalit\u00e0 risulta frantumata da un vissuto disorientante che mina la loro dignit\u00e0 e le rende spesso incapaci di rispettare le normali leggi di convivenza. In quest\u2019ottica la convivenza tra persone con problematiche relativamente omogenee ha creato un circolazione ed interazione di interessi, stimoli, modelli, visioni eterogenee e complementari alla loro attuale situazione.<\/p>\n<p>La finalit\u00e0 della casa \u00e8 <strong>dare protezione, aiutare nella riflessione e nella comprensione della propria realt\u00e0 per un riscatto sociale<\/strong>, aiutare le persone perch\u00e9 acquisiscano diverse competenze, e sostenerle nella ricerca di soluzioni di <strong>vita autonoma<\/strong>.<\/p>\n<p>Nel Centro, in una atmosfera familiare le ospiti sono stimolate ad essere soggetto partecipe ed attivo, autonomo e collaborativo all\u2019interno di una comunit\u00e0 integrata con la realt\u00e0 territoriale circostante. Sono inoltre invitate a ritrovare la propria dignit\u00e0 e la capacit\u00e0 di affrontare la vita in modo corretto e sereno, ad integrarsi nel mondo della famiglia e del lavoro, ad acquistare il proprio posto nella societ\u00e0 con responsabilit\u00e0, consapevolezza e autonomia.<\/p>\n<p>Ogni persona \u00e8 aiutata a riscoprire il proprio valore nella ricchezza delle diversit\u00e0 e questo richiede da parte degli operatori un forte atteggiamento di ascolto e di attenzione per raggiungere la concretezza di una aiuto efficace.<\/p>\n<\/div>\n<\/div>\n<\/div>\n<\/div>\n<\/div>\n<\/div>\n<\/div>\n<\/div>\n<\/div>\n<div>Contatti<\/div>\n<h3>E-Mail<\/h3>\n<div><a href=\"mailto:imc.labaro@ismc.it\">imc.labaro@ismc.it<\/a><\/div>\n<h3>Telefono<\/h3>\n<div><a href=\"tel:0633610076\">0633610076<\/a><\/div>\n<h3>Fax<\/h3>\n<div>0633619078<\/div>\n<div>\n<p>41.9916,12.4849<\/p>\n<\/div>\n<div>Roma, Borgata Labaro, RM<br \/>via Torfanini, 27 &#8211; 00188<\/div>\n<p><!--more--><br \/>\n<!-- {\"type\":\"layout\",\"children\":[{\"type\":\"section\",\"props\":{\"style\":\"default\",\"width\":\"\",\"vertical_align\":\"middle\",\"title_position\":\"top-right\",\"title_rotation\":\"left\",\"title_breakpoint\":\"xl\",\"image_position\":\"center-center\",\"title\":\"Nice to meet you\",\"padding_remove_bottom\":false},\"children\":[{\"type\":\"row\",\"props\":{\"width\":\"xsmall\",\"margin\":\"large\"},\"children\":[{\"type\":\"column\",\"props\":{\"image_position\":\"center-center\",\"media_overlay_gradient\":\"\",\"width_medium\":\"1-1\"},\"children\":[{\"type\":\"headline\",\"props\":{\"title_element\":\"h1\",\"content\":\"Assistenza\",\"title_style\":\"h3\",\"title_decoration\":\"divider\",\"text_align\":\"center\",\"title_color\":\"primary\"}},{\"type\":\"headline\",\"props\":{\"title_element\":\"h1\",\"maxwidth\":\"large\",\"block_align\":\"center\",\"text_align\":\"center\",\"content\":\"Labaro - ISMC\",\"margin_remove_bottom\":true,\"margin_remove_top\":true}},{\"type\":\"headline\",\"props\":{\"title_element\":\"h1\",\"content\":\"Casa di accoglienza madre e bambino\",\"title_style\":\"h4\",\"text_align\":\"center\",\"margin_remove_top\":true}}]}]},{\"type\":\"row\",\"props\":{\"layout\":\"1-2,1-2\",\"column_gap\":\"small\",\"row_gap\":\"small\",\"width\":\"default\",\"class\":\"\",\"padding_remove_horizontal\":false},\"children\":[{\"type\":\"column\",\"props\":{\"image_position\":\"center-center\",\"media_overlay_gradient\":\"\",\"width_medium\":\"1-2\",\"vertical_align\":\"middle\"},\"children\":[{\"type\":\"slideshow\",\"props\":{\"show_title\":true,\"show_meta\":true,\"show_content\":true,\"show_link\":true,\"show_thumbnail\":true,\"slideshow_min_height\":300,\"slideshow_autoplay_pause\":true,\"nav\":\"dotnav\",\"nav_position\":\"bottom-center\",\"nav_position_margin\":\"medium\",\"nav_align\":\"center\",\"nav_breakpoint\":\"s\",\"thumbnav_width\":\"100\",\"thumbnav_height\":\"75\",\"thumbnav_svg_color\":\"emphasis\",\"slidenav\":\"default\",\"slidenav_margin\":\"medium\",\"slidenav_breakpoint\":\"s\",\"slidenav_outside_breakpoint\":\"xl\",\"overlay_position\":\"center-left\",\"overlay_animation\":\"parallax\",\"title_element\":\"h3\",\"meta_style\":\"meta\",\"meta_align\":\"below-title\",\"meta_element\":\"div\",\"link_text\":\"Read more\",\"link_style\":\"default\",\"margin\":\"default\"},\"children\":[{\"type\":\"slideshow_item\",\"props\":{\"image\":\"wp-content\\\/uploads\\\/2021\\\/10\\\/Labaro2.jpeg\"}},{\"type\":\"slideshow_item\",\"props\":{\"image\":\"wp-content\\\/uploads\\\/2021\\\/10\\\/Labaro3.jpeg\"}},{\"type\":\"slideshow_item\",\"props\":{\"image\":\"wp-content\\\/uploads\\\/2021\\\/10\\\/Labaro1.jpeg\"}}]}]},{\"type\":\"column\",\"props\":{\"image_position\":\"center-center\",\"media_overlay_gradient\":\"\",\"width_medium\":\"1-2\"},\"children\":[{\"type\":\"headline\",\"props\":{\"title_element\":\"h2\",\"title_style\":\"h4\",\"title_decoration\":\"line\",\"content\":\"Chi siamo\"}},{\"type\":\"text\",\"props\":{\"margin\":\"medium\",\"column_breakpoint\":\"m\",\"content\":\"\n\n<p>La Casa Famiglia Maria Consolatrice \\u2013 Centro di accoglienza per donne in difficolt\\u00e0 anche con bambino, \\u00e8 nata nel 1995 come risposta all\\u2019invito della Chiesa di Roma rivolto all\\u2019USMI (Unione Superiori Maggiori d\\u2019Italia) a trovare forme concrete di carit\\u00e0 nei confronti delle povert\\u00e0 emergenti. La Congregazione, che ha come carisma specifico quello di rispondere ai prossimi con le opere di misericordia, ha dato la sua risposta mettendo questa struttura a disposizione.<\\\/p>\\n\n\n<p>La casa accoglie temporaneamente quanti cercano un rifugio di pace e amore, un posto sicuro, mentre si cerca una migliore e pi\\u00f9 duratura sistemazione.<\\\/p>\",\"text_style\":\"lead\",\"dropcap\":true}}]}]},{\"type\":\"row\",\"props\":{\"width\":\"default\",\"margin\":\"large\",\"margin_remove_top\":false},\"children\":[{\"type\":\"column\",\"props\":{\"image_position\":\"center-center\",\"media_overlay_gradient\":\"\",\"width_medium\":\"1-1\"},\"children\":[{\"type\":\"text\",\"props\":{\"margin\":\"medium\",\"column_breakpoint\":\"m\",\"content\":\"\n\n<div class=\\\"vc_row wpb_row vc_row-fluid\\\">\\n\n\n<div class=\\\"wpb_column vc_column_container vc_col-sm-12 sc_layouts_column_icons_position_left\\\">\\n\n\n<div class=\\\"vc_column-inner\\\">\\n\n\n<div class=\\\"wpb_wrapper\\\">\\n\n\n<div class=\\\"wpb_text_column wpb_content_element \\\">\\n\n\n<div class=\\\"wpb_wrapper\\\">\\n\n\n<div align=\\\"justify\\\">\\n\n\n<div align=\\\"justify\\\">\\n\n\n<p>Le persone accolte sono molto provate, la loro personalit\\u00e0 risulta frantumata da un vissuto disorientante che mina la loro dignit\\u00e0 e le rende spesso incapaci di rispettare le normali leggi di convivenza. In quest\\u2019ottica la convivenza tra persone con problematiche relativamente omogenee ha creato un circolazione ed interazione di interessi, stimoli, modelli, visioni eterogenee e complementari alla loro attuale situazione.<\\\/p>\\n\n\n<p>La finalit\\u00e0 della casa \\u00e8 <strong>dare protezione, aiutare nella riflessione e nella comprensione della propria realt\\u00e0 per un riscatto sociale<\\\/strong>, aiutare le persone perch\\u00e9 acquisiscano diverse competenze, e sostenerle nella ricerca di soluzioni di <strong>vita autonoma<\\\/strong>.<\\\/p>\\n\n\n<p>Nel Centro, in una atmosfera familiare le ospiti sono stimolate ad essere soggetto partecipe ed attivo, autonomo e collaborativo all\\u2019interno di una comunit\\u00e0 integrata con la realt\\u00e0 territoriale circostante. Sono inoltre invitate a ritrovare la propria dignit\\u00e0 e la capacit\\u00e0 di affrontare la vita in modo corretto e sereno, ad integrarsi nel mondo della famiglia e del lavoro, ad acquistare il proprio posto nella societ\\u00e0 con responsabilit\\u00e0, consapevolezza e autonomia.<\\\/p>\\n\n\n<p>Ogni persona \\u00e8 aiutata a riscoprire il proprio valore nella ricchezza delle diversit\\u00e0 e questo richiede da parte degli operatori un forte atteggiamento di ascolto e di attenzione per raggiungere la concretezza di una aiuto efficace.<\\\/p>\\n<\\\/div>\\n<\\\/div>\\n<\\\/div>\\n<\\\/div>\\n<\\\/div>\\n<\\\/div>\\n<\\\/div>\\n<\\\/div>\",\"text_style\":\"lead\",\"dropcap\":true}}]}]},{\"type\":\"row\",\"props\":{\"layout\":\"2-3,1-3\",\"column_gap\":\"small\",\"row_gap\":\"small\",\"width\":\"default\",\"margin\":\"xlarge\",\"status\":\"disabled\"},\"children\":[{\"type\":\"column\",\"props\":{\"image_position\":\"center-center\",\"media_overlay_gradient\":\"\",\"width_small\":\"2-3\",\"vertical_align\":\"middle\"},\"children\":[{\"type\":\"image\",\"props\":{\"margin\":\"default\",\"image_svg_color\":\"emphasis\",\"image\":\"wp-content\\\/uploads\\\/2021\\\/09\\\/IMG_0367.jpg\",\"image_width\":\"795\"}}]},{\"type\":\"column\",\"props\":{\"image_position\":\"center-center\",\"media_overlay_gradient\":\"\",\"width_small\":\"1-3\"},\"children\":[{\"type\":\"panel\",\"props\":{\"link_text\":\"Read more\",\"title_hover_style\":\"reset\",\"title_element\":\"h2\",\"title_align\":\"top\",\"title_grid_width\":\"1-2\",\"title_grid_breakpoint\":\"m\",\"meta_style\":\"meta\",\"meta_align\":\"below-title\",\"image_align\":\"top\",\"image_grid_width\":\"1-2\",\"image_grid_breakpoint\":\"m\",\"image_svg_color\":\"emphasis\",\"link_style\":\"default\",\"margin\":\"default\",\"panel_content_padding\":\"small\",\"title_style\":\"h4\",\"meta_margin\":\"small\",\"title\":\"\",\"content\":\"\",\"image\":\"wp-content\\\/uploads\\\/2021\\\/09\\\/borsa_saluggia.jpeg\",\"meta\":\"\",\"image_width\":\"610\",\"icon_width\":80,\"meta_element\":\"div\",\"content_column_breakpoint\":\"m\"}},{\"type\":\"panel\",\"props\":{\"link_text\":\"Read more\",\"title_hover_style\":\"reset\",\"title_element\":\"h2\",\"title_align\":\"top\",\"title_grid_width\":\"1-2\",\"title_grid_breakpoint\":\"m\",\"meta_style\":\"meta\",\"meta_align\":\"below-title\",\"image_align\":\"top\",\"image_grid_width\":\"1-2\",\"image_grid_breakpoint\":\"m\",\"image_svg_color\":\"emphasis\",\"link_style\":\"default\",\"margin\":\"default\",\"panel_content_padding\":\"small\",\"title_style\":\"h4\",\"meta_margin\":\"small\",\"title\":\"\",\"content\":\"\",\"image\":\"wp-content\\\/uploads\\\/2021\\\/09\\\/spettacolo_saluggia.jpeg\",\"meta\":\"\",\"image_width\":\"610\",\"icon_width\":80,\"meta_element\":\"div\",\"content_column_breakpoint\":\"m\"}}]}]},{\"type\":\"row\",\"props\":{\"width\":\"xsmall\",\"margin\":\"large\"},\"children\":[{\"type\":\"column\",\"props\":{\"image_position\":\"center-center\",\"media_overlay_gradient\":\"\",\"width_medium\":\"1-1\"},\"children\":[{\"type\":\"headline\",\"props\":{\"title_element\":\"div\",\"title_style\":\"h4\",\"title_decoration\":\"line\",\"margin\":\"xlarge\",\"content\":\"Contatti\"}}]}]},{\"type\":\"row\",\"props\":{\"layout\":\"1-3,1-3,1-3\",\"width\":\"xsmall\"},\"children\":[{\"type\":\"column\",\"props\":{\"image_position\":\"center-center\",\"media_overlay_gradient\":\"\",\"width_medium\":\"1-3\"},\"children\":[{\"type\":\"headline\",\"props\":{\"title_element\":\"h3\",\"title_style\":\"h6\",\"title_color\":\"muted\",\"content\":\"E-Mail\",\"margin_remove_bottom\":true},\"name\":\"email\"},{\"type\":\"headline\",\"props\":{\"title_element\":\"div\",\"title_style\":\"h3\",\"content\":\"imc.labaro@ismc.it\",\"link\":\"mailto:imc.labaro@ismc.it\",\"margin_remove_top\":true,\"link_style\":true,\"link_target\":true}}]},{\"type\":\"column\",\"props\":{\"image_position\":\"center-center\",\"media_overlay_gradient\":\"\",\"width_medium\":\"1-3\"},\"children\":[{\"type\":\"headline\",\"props\":{\"title_element\":\"h3\",\"title_style\":\"h6\",\"title_color\":\"muted\",\"content\":\"Telefono\",\"margin_remove_bottom\":true,\"link\":\"\"},\"name\":\"telefono\"},{\"type\":\"headline\",\"props\":{\"title_element\":\"div\",\"title_style\":\"h3\",\"content\":\"0633610076\",\"link\":\"tel:0633610076\",\"margin_remove_top\":true,\"link_style\":true,\"link_target\":true}}]},{\"type\":\"column\",\"props\":{\"image_position\":\"center-center\",\"media_overlay_gradient\":\"\",\"width_medium\":\"1-3\"},\"children\":[{\"type\":\"headline\",\"props\":{\"title_element\":\"h3\",\"title_style\":\"h6\",\"title_color\":\"muted\",\"content\":\"Fax\",\"margin_remove_bottom\":true,\"link\":\"\"},\"name\":\"fax\"},{\"type\":\"headline\",\"props\":{\"title_element\":\"div\",\"title_style\":\"h3\",\"content\":\"0633619078\",\"link\":\"\",\"margin_remove_top\":true,\"link_style\":true,\"link_target\":true}}]}]}],\"name\":\"assistenza format\",\"modified\":\"2021-09-09T10:21:09.626Z\"},{\"type\":\"section\",\"props\":{\"style\":\"default\",\"width\":\"default\",\"vertical_align\":\"middle\",\"title_position\":\"top-left\",\"title_rotation\":\"left\",\"title_breakpoint\":\"xl\",\"image_position\":\"center-center\"},\"children\":[{\"type\":\"row\",\"props\":{\"layout\":\"2-3,1-3\"},\"children\":[{\"type\":\"column\",\"props\":{\"image_position\":\"center-center\",\"media_overlay_gradient\":\"\",\"width_medium\":\"2-3\"},\"children\":[{\"type\":\"map\",\"props\":{\"show_title\":true,\"show_meta\":true,\"show_content\":true,\"show_image\":true,\"show_link\":true,\"type\":\"roadmap\",\"zoom\":10,\"controls\":true,\"zooming\":false,\"dragging\":false,\"min_zoom\":0,\"max_zoom\":18,\"title_hover_style\":\"reset\",\"title_element\":\"h3\",\"meta_style\":\"meta\",\"meta_align\":\"below-title\",\"meta_element\":\"div\",\"image_svg_color\":\"emphasis\",\"link_text\":\"Read more\",\"link_style\":\"default\",\"margin\":\"default\"},\"children\":[{\"type\":\"map_item\",\"props\":{\"location\":\"41.9916,12.4849\"}}]}]},{\"type\":\"column\",\"props\":{\"image_position\":\"center-center\",\"media_overlay_gradient\":\"\",\"width_medium\":\"1-3\"},\"children\":[{\"type\":\"headline\",\"props\":{\"title_element\":\"div\",\"title_style\":\"h3\",\"content\":\"Roma, Borgata Labaro, RM<br \\\/>via Torfanini, 27 - 00188\",\"link\":\"\",\"margin_remove_top\":true,\"link_style\":true,\"link_target\":true}}]}]}]}],\"version\":\"2.5.10\"} --><\/p>\n","protected":false},"excerpt":{"rendered":"<p>Assistenza Labaro &#8211; ISMC Casa di accoglienza madre e bambino Chi siamo La Casa Famiglia Maria Consolatrice \u2013 Centro di accoglienza per donne in difficolt\u00e0 anche con bambino, \u00e8 nata nel 1995 come risposta all\u2019invito della Chiesa di Roma rivolto all\u2019USMI (Unione Superiori Maggiori d\u2019Italia) a trovare forme concrete di carit\u00e0 nei confronti delle povert\u00e0 [&hellip;]<\/p>\n","protected":false},"author":4,"featured_media":0,"parent":0,"menu_order":0,"comment_status":"closed","ping_status":"closed","template":"","meta":{"_acf_changed":false,"footnotes":""},"class_list":["post-2124","page","type-page","status-publish","hentry"],"acf":[],"_links":{"self":[{"href":"https:\/\/ismc.it\/index.php?rest_route=\/wp\/v2\/pages\/2124","targetHints":{"allow":["GET"]}}],"collection":[{"href":"https:\/\/ismc.it\/index.php?rest_route=\/wp\/v2\/pages"}],"about":[{"href":"https:\/\/ismc.it\/index.php?rest_route=\/wp\/v2\/types\/page"}],"author":[{"embeddable":true,"href":"https:\/\/ismc.it\/index.php?rest_route=\/wp\/v2\/users\/4"}],"replies":[{"embeddable":true,"href":"https:\/\/ismc.it\/index.php?rest_route=%2Fwp%2Fv2%2Fcomments&post=2124"}],"version-history":[{"count":15,"href":"https:\/\/ismc.it\/index.php?rest_route=\/wp\/v2\/pages\/2124\/revisions"}],"predecessor-version":[{"id":2444,"href":"https:\/\/ismc.it\/index.php?rest_route=\/wp\/v2\/pages\/2124\/revisions\/2444"}],"wp:attachment":[{"href":"https:\/\/ismc.it\/index.php?rest_route=%2Fwp%2Fv2%2Fmedia&parent=2124"}],"curies":[{"name":"wp","href":"https:\/\/api.w.org\/{rel}","templated":true}]}}